{"id":2560,"date":"2023-12-02T19:19:28","date_gmt":"2023-12-02T18:19:28","guid":{"rendered":"https:\/\/preprod.sayyesinparis.com\/?page_id=2560"},"modified":"2026-03-10T12:22:46","modified_gmt":"2026-03-10T11:22:46","slug":"shipping-delivery","status":"publish","type":"page","link":"https:\/\/sayyesinparis.com\/fr\/shipping-delivery\/","title":{"rendered":"Shipping &#038; Delivery"},"content":{"rendered":"<div class=\"wp-block-columns text_legal is-layout-flex wp-container-core-columns-is-layout-9d6595d7 wp-block-columns-is-layout-flex\">\n<div class=\"wp-block-column is-layout-flow wp-block-column-is-layout-flow\">\n<h2 class=\"wp-block-heading\"><strong>SHIPPING &amp; DELIVERY<\/strong><\/h2>\n\n\n\n<p>Orders placed online are processed Monday to Friday. Standard production time is 30 days (excluding weekends and public holidays). Please note that production timelines do not include shipping transit times.<\/p>\n\n\n\n<p>For further assistance, please contact our Client Relations team at&nbsp;<a href=\"mailto:hello@sayyesinparis.com\">hello@sayyesinparis.com<\/a>.<\/p>\n\n\n\n<div style=\"height:21px\" aria-hidden=\"true\" class=\"wp-block-spacer\"><\/div>\n\n\n\n<h5 class=\"wp-block-heading\"><strong>COLLECTION DE BAGUES SUR MESURE<\/strong><\/h5>\n\n\n\n<p>All rings are made to order and ship within 30 days. Please refer to individual product descriptions for production timelines.<\/p>\n\n\n\n<div style=\"height:21px\" aria-hidden=\"true\" class=\"wp-block-spacer\"><\/div>\n\n\n\n<h5 class=\"wp-block-heading\"><strong><strong>Bagues de fian\u00e7ailles pr\u00eates \u00e0 porter<\/strong><\/strong><\/h5>\n\n\n\n<p>Ready-to-wear engagement rings are processed the next business day. Please refer to the Ready-to-wear engagement rings page and individual product descriptions for production timelines and dispatch guidance.<\/p>\n\n\n\n<div style=\"height:21px\" aria-hidden=\"true\" class=\"wp-block-spacer\"><\/div>\n\n\n\n<h5 class=\"wp-block-heading\"><strong><strong><strong>EXPRESS DELIVERY IN PARIS<\/strong><\/strong><\/strong><\/h5>\n\n\n\n<p>We offer complimentary same-day delivery for all orders within Paris. To schedule your delivery, please contact our Client Relations team at <a href=\"mailto:hello@sayyesinparis.com\">hello@sayyesinparis.com<\/a> or by phone <a href=\"tel:+33679172553\">+33679172553<\/a>. Same-day delivery is subject to availability and order confirmation time.<\/p>\n\n\n\n<div style=\"height:21px\" aria-hidden=\"true\" class=\"wp-block-spacer\"><\/div>\n\n\n\n<h5 class=\"wp-block-heading\"><strong><strong><strong><strong>EUROPEAN UNION SHIPPING<\/strong><\/strong><\/strong><\/strong><\/h5>\n\n\n\n<p>We offer complimentary express shipping for all orders over 2,000 EUR within the European Union. Shipping times vary by country but are typically 1 to 3 days. Orders within the EU are shipped via DHL, FedEx, or UPS, with tracking and signature on delivery. All shipments are fully insured.<\/p>\n\n\n\n<p>For orders under 2,000 EUR, a flat rate of 100 EUR for shipping and insurance will be charged. Once your item has been dispatched, we will notify you by email with your tracking number.<\/p>\n\n\n\n<p>Please check your spam or junk folders for order confirmations and tracking information.<\/p>\n\n\n\n<div style=\"height:21px\" aria-hidden=\"true\" class=\"wp-block-spacer\"><\/div>\n\n\n\n<h5 class=\"wp-block-heading\"><strong><strong><strong><strong><strong>INTERNATIONAL SHIPPING<\/strong><\/strong><\/strong><\/strong><\/strong><\/h5>\n\n\n\n<p>We offer complimentary express shipping for all orders over 5,000 EUR worldwide. Shipping times vary by destination. Orders outside of the EU are shipped via DHL, FedEx, or UPS, with signature on delivery. All shipments are fully insured.<\/p>\n\n\n\n<p>For orders under 5,000 EUR, a flat rate of 250 EUR for shipping and insurance will be charged. Orders shipped outside the European Union are exempt from French VAT (20%).<\/p>\n\n\n\n<p>Please note that prices do not include overseas customs duties or local taxes that may apply. Duties and taxes are determined by the destination country and are payable by the recipient.<\/p>\n\n\n\n<div style=\"height:21px\" aria-hidden=\"true\" class=\"wp-block-spacer\"><\/div>\n\n\n\n<h5 class=\"wp-block-heading\"><strong><strong><strong><strong><strong><strong>TRACKING &amp; SIGNATURE<\/strong><\/strong><\/strong><\/strong><\/strong><\/strong><\/h5>\n\n\n\n<p>All shipments are handled by specialised carriers and are fully insured, with tracking and signature on delivery. Once your order has been dispatched, you will receive a tracking number to follow your delivery via DHL, FedEx, or UPS, depending on the destination.<\/p>\n\n\n\n<div style=\"height:21px\" aria-hidden=\"true\" class=\"wp-block-spacer\"><\/div>\n\n\n\n<h5 class=\"wp-block-heading\"><strong><strong><strong><strong><strong><strong><strong>PACKAGING &amp; DISCREET DELIVERY<\/strong><\/strong><\/strong><\/strong><\/strong><\/strong><\/strong><\/h5>\n\n\n\n<p>Orders placed on the Say Yes in Paris website are wrapped in our signature gift packaging and delivered in a custom blue box. A Say Yes in Paris shopping bag is also enclosed.<\/p>\n\n\n\n<p>For delivery, all orders are shipped in discreet protective packaging, with no jewellery branding on the outer parcel.<\/p>\n\n\n\n<div style=\"height:21px\" aria-hidden=\"true\" class=\"wp-block-spacer\"><\/div>\n\n\n\n<h5 class=\"wp-block-heading\"><strong><strong><strong><strong><strong><strong><strong><strong>INSURANCE<\/strong><\/strong><\/strong><\/strong><\/strong><\/strong><\/strong><\/strong><\/h5>\n\n\n\n<p>All orders are shipped fully insured until signature on delivery.<\/p>\n\n\n\n<div style=\"height:21px\" aria-hidden=\"true\" class=\"wp-block-spacer\"><\/div>\n\n\n\n<h5 class=\"wp-block-heading\"><strong><strong><strong><strong><strong><strong><strong><strong><strong>VAT REFUND<\/strong><\/strong><\/strong><\/strong><\/strong><\/strong><\/strong><\/strong><\/strong><\/h5>\n\n\n\n<p>VAT refund documentation is available through our Client Relations team and must be requested on the day of purchase. Please verify your eligibility for a VAT refund based on your country of residence.<\/p>\n\n\n\n<p>For eligible clients residing outside the European Union, Say Yes in Paris offers a 14% tax refund. This service is provided by our partner Planet Payment.<\/p>\n\n\n\n<div style=\"height:21px\" aria-hidden=\"true\" class=\"wp-block-spacer\"><\/div>\n\n\n\n<h5 class=\"wp-block-heading\"><strong><strong><strong><strong><strong><strong><strong><strong><strong><strong>CHANGES OR CANCELLATIONS<\/strong><\/strong><\/strong><\/strong><\/strong><\/strong><\/strong><\/strong><\/strong><\/strong><\/h5>\n\n\n\n<p>To request a change or cancellation, please contact our Client Relations team as soon as possible to confirm whether it is still possible. While we cannot guarantee modifications once an order has been submitted, we will make every effort to accommodate your request.<\/p>\n\n\n\n<div style=\"height:21px\" aria-hidden=\"true\" class=\"wp-block-spacer\"><\/div>\n\n\n\n<h5 class=\"wp-block-heading\"><strong><strong><strong><strong><strong><strong><strong><strong><strong><strong><strong>CLIENT RELATIONS<\/strong><\/strong><\/strong><\/strong><\/strong><\/strong><\/strong><\/strong><\/strong><\/strong><\/strong><\/h5>\n\n\n\n<p>Our Client Relations team is available Monday to Friday. We respond within 24 hours. Email us at&nbsp;<a href=\"mailto:hello@sayyesinparis.com\">hello@sayyesinparis.com<\/a>&nbsp;or call or WhatsApp <a href=\"https:\/\/wa.me\/33679172553\">+33 6 79 17 25 53<\/a>.<\/p>\n<\/div>\n<\/div>","protected":false},"excerpt":{"rendered":"<p>SHIPPING &amp; DELIVERY Orders placed online are processed Monday to Friday. Standard production time is 30 days (excluding weekends and public holidays). Please note that production timelines do not include shipping transit times. For further assistance, please contact our Client Relations team at&nbsp;hello@sayyesinparis.com. MADE TO MEASURE RINGS COLLECTION All rings are made to order and&hellip;&nbsp;<a href=\"https:\/\/sayyesinparis.com\/fr\/shipping-delivery\/\" class=\"\" rel=\"bookmark\">Lire la suite &raquo;<span class=\"screen-reader-text\">Shipping &#038; Delivery<\/span><\/a><\/p>","protected":false},"author":1,"featured_media":0,"parent":0,"menu_order":1,"comment_status":"closed","ping_status":"closed","template":"","meta":{"_acf_changed":false,"neve_meta_sidebar":"full-width","neve_meta_container":"contained","neve_meta_enable_content_width":"on","neve_meta_content_width":80,"neve_meta_title_alignment":"","neve_meta_author_avatar":"","neve_post_elements_order":"","neve_meta_disable_header":"off","neve_meta_disable_footer":"","neve_meta_disable_title":"","footnotes":""},"class_list":["post-2560","page","type-page","status-publish","hentry"],"acf":[],"yoast_head":"<!-- This site is optimized with the Yoast SEO plugin v26.0 - https:\/\/yoast.com\/wordpress\/plugins\/seo\/ -->\n<title>Shipping &amp; Delivery - Say yes in Paris<\/title>\n<meta name=\"robots\" content=\"index, follow, max-snippet:-1, max-image-preview:large, max-video-preview:-1\" \/>\n<link rel=\"canonical\" href=\"https:\/\/sayyesinparis.com\/fr\/shipping-delivery\/\" \/>\n<meta property=\"og:locale\" content=\"fr_FR\" \/>\n<meta property=\"og:type\" content=\"article\" \/>\n<meta property=\"og:title\" content=\"Shipping &amp; Delivery - Say yes in Paris\" \/>\n<meta property=\"og:description\" content=\"SHIPPING &amp; DELIVERY Orders placed online are processed Monday to Friday. Standard production time is 30 days (excluding weekends and public holidays). Please note that production timelines do not include shipping transit times. For further assistance, please contact our Client Relations team at&nbsp;hello@sayyesinparis.com. MADE TO MEASURE RINGS COLLECTION All rings are made to order and&hellip;&nbsp;Lire la suite &raquo;Shipping &#038; Delivery\" \/>\n<meta property=\"og:url\" content=\"https:\/\/sayyesinparis.com\/fr\/shipping-delivery\/\" \/>\n<meta property=\"og:site_name\" content=\"Say yes in Paris\" \/>\n<meta property=\"article:modified_time\" content=\"2026-03-10T11:22:46+00:00\" \/>\n<meta name=\"twitter:card\" content=\"summary_large_image\" \/>\n<meta name=\"twitter:label1\" content=\"Dur\u00e9e de lecture estim\u00e9e\" \/>\n\t<meta name=\"twitter:data1\" content=\"3 minutes\" \/>\n<script type=\"application\/ld+json\" class=\"yoast-schema-graph\">{\"@context\":\"https:\/\/schema.org\",\"@graph\":[{\"@type\":\"WebPage\",\"@id\":\"https:\/\/sayyesinparis.com\/shipping-delivery\/\",\"url\":\"https:\/\/sayyesinparis.com\/shipping-delivery\/\",\"name\":\"Shipping & Delivery - Say yes in Paris\",\"isPartOf\":{\"@id\":\"https:\/\/sayyesinparis.com\/#website\"},\"datePublished\":\"2023-12-02T18:19:28+00:00\",\"dateModified\":\"2026-03-10T11:22:46+00:00\",\"breadcrumb\":{\"@id\":\"https:\/\/sayyesinparis.com\/shipping-delivery\/#breadcrumb\"},\"inLanguage\":\"fr-FR\",\"potentialAction\":[{\"@type\":\"ReadAction\",\"target\":[\"https:\/\/sayyesinparis.com\/shipping-delivery\/\"]}]},{\"@type\":\"BreadcrumbList\",\"@id\":\"https:\/\/sayyesinparis.com\/shipping-delivery\/#breadcrumb\",\"itemListElement\":[{\"@type\":\"ListItem\",\"position\":1,\"name\":\"Home\",\"item\":\"https:\/\/sayyesinparis.com\/\"},{\"@type\":\"ListItem\",\"position\":2,\"name\":\"Shipping &#038; Delivery\"}]},{\"@type\":\"WebSite\",\"@id\":\"https:\/\/sayyesinparis.com\/#website\",\"url\":\"https:\/\/sayyesinparis.com\/\",\"name\":\"Say yes in Paris\",\"description\":\"Say yes in Paris\",\"potentialAction\":[{\"@type\":\"SearchAction\",\"target\":{\"@type\":\"EntryPoint\",\"urlTemplate\":\"https:\/\/sayyesinparis.com\/?s={search_term_string}\"},\"query-input\":{\"@type\":\"PropertyValueSpecification\",\"valueRequired\":true,\"valueName\":\"search_term_string\"}}],\"inLanguage\":\"fr-FR\"}]}<\/script>\n<!-- \/ Yoast SEO plugin. -->","yoast_head_json":{"title":"Shipping & Delivery - Say yes in Paris","robots":{"index":"index","follow":"follow","max-snippet":"max-snippet:-1","max-image-preview":"max-image-preview:large","max-video-preview":"max-video-preview:-1"},"canonical":"https:\/\/sayyesinparis.com\/fr\/shipping-delivery\/","og_locale":"fr_FR","og_type":"article","og_title":"Shipping & Delivery - Say yes in Paris","og_description":"SHIPPING &amp; DELIVERY Orders placed online are processed Monday to Friday. Standard production time is 30 days (excluding weekends and public holidays). Please note that production timelines do not include shipping transit times. For further assistance, please contact our Client Relations team at&nbsp;hello@sayyesinparis.com. MADE TO MEASURE RINGS COLLECTION All rings are made to order and&hellip;&nbsp;Lire la suite &raquo;Shipping &#038; Delivery","og_url":"https:\/\/sayyesinparis.com\/fr\/shipping-delivery\/","og_site_name":"Say yes in Paris","article_modified_time":"2026-03-10T11:22:46+00:00","twitter_card":"summary_large_image","twitter_misc":{"Dur\u00e9e de lecture estim\u00e9e":"3 minutes"},"schema":{"@context":"https:\/\/schema.org","@graph":[{"@type":"WebPage","@id":"https:\/\/sayyesinparis.com\/shipping-delivery\/","url":"https:\/\/sayyesinparis.com\/shipping-delivery\/","name":"Shipping & Delivery - Say yes in Paris","isPartOf":{"@id":"https:\/\/sayyesinparis.com\/#website"},"datePublished":"2023-12-02T18:19:28+00:00","dateModified":"2026-03-10T11:22:46+00:00","breadcrumb":{"@id":"https:\/\/sayyesinparis.com\/shipping-delivery\/#breadcrumb"},"inLanguage":"fr-FR","potentialAction":[{"@type":"ReadAction","target":["https:\/\/sayyesinparis.com\/shipping-delivery\/"]}]},{"@type":"BreadcrumbList","@id":"https:\/\/sayyesinparis.com\/shipping-delivery\/#breadcrumb","itemListElement":[{"@type":"ListItem","position":1,"name":"Home","item":"https:\/\/sayyesinparis.com\/"},{"@type":"ListItem","position":2,"name":"Shipping &#038; Delivery"}]},{"@type":"WebSite","@id":"https:\/\/sayyesinparis.com\/#website","url":"https:\/\/sayyesinparis.com\/","name":"Say yes in Paris","description":"Say yes in Paris","potentialAction":[{"@type":"SearchAction","target":{"@type":"EntryPoint","urlTemplate":"https:\/\/sayyesinparis.com\/?s={search_term_string}"},"query-input":{"@type":"PropertyValueSpecification","valueRequired":true,"valueName":"search_term_string"}}],"inLanguage":"fr-FR"}]}},"_links":{"self":[{"href":"https:\/\/sayyesinparis.com\/fr\/wp-json\/wp\/v2\/pages\/2560","targetHints":{"allow":["GET"]}}],"collection":[{"href":"https:\/\/sayyesinparis.com\/fr\/wp-json\/wp\/v2\/pages"}],"about":[{"href":"https:\/\/sayyesinparis.com\/fr\/wp-json\/wp\/v2\/types\/page"}],"author":[{"embeddable":true,"href":"https:\/\/sayyesinparis.com\/fr\/wp-json\/wp\/v2\/users\/1"}],"replies":[{"embeddable":true,"href":"https:\/\/sayyesinparis.com\/fr\/wp-json\/wp\/v2\/comments?post=2560"}],"version-history":[{"count":15,"href":"https:\/\/sayyesinparis.com\/fr\/wp-json\/wp\/v2\/pages\/2560\/revisions"}],"predecessor-version":[{"id":3849,"href":"https:\/\/sayyesinparis.com\/fr\/wp-json\/wp\/v2\/pages\/2560\/revisions\/3849"}],"wp:attachment":[{"href":"https:\/\/sayyesinparis.com\/fr\/wp-json\/wp\/v2\/media?parent=2560"}],"curies":[{"name":"wp","href":"https:\/\/api.w.org\/{rel}","templated":true}]}}